{"id":3,"date":"2025-01-20T14:58:06","date_gmt":"2025-01-20T14:58:06","guid":{"rendered":"https:\/\/www.aldulfin.de\/?page_id=3"},"modified":"2025-11-05T19:44:16","modified_gmt":"2025-11-05T18:44:16","slug":"datenschutzhinweis","status":"publish","type":"page","link":"https:\/\/www.aldulfin.de\/index.php\/datenschutzhinweis\/","title":{"rendered":"Datenschutzhinweis"},"content":{"rendered":"[et_pb_section fb_built=&#8220;1&#8243; _builder_version=&#8220;4.27.4&#8243; _module_preset=&#8220;default&#8220; background_color=&#8220;#E6761A&#8220; custom_padding=&#8220;63px||0px|||&#8220; global_colors_info=&#8220;{}&#8220;][et_pb_row column_structure=&#8220;1_4,3_4&#8243; _builder_version=&#8220;4.27.4&#8243; _module_preset=&#8220;default&#8220; height=&#8220;129px&#8220; custom_margin=&#8220;-40px|auto||auto||&#8220; custom_padding=&#8220;0px||0px|||&#8220; link_option_url=&#8220;https:\/\/www.aldulfin.de&#8220; global_colors_info=&#8220;{}&#8220;][et_pb_column type=&#8220;1_4&#8243; _builder_version=&#8220;4.27.4&#8243; _module_preset=&#8220;default&#8220; global_colors_info=&#8220;{}&#8220;][et_pb_image src=&#8220;https:\/\/www.aldulfin.de\/wp-content\/uploads\/2025\/01\/Logo.png&#8220; alt=&#8220;Aldulfin&#8220; title_text=&#8220;Logo&#8220; disabled_on=&#8220;off|off|off&#8220; _builder_version=&#8220;4.27.4&#8243; _module_preset=&#8220;default&#8220; width=&#8220;39%&#8220; max_width=&#8220;74%&#8220; custom_margin=&#8220;||7px|||&#8220; custom_padding=&#8220;||7px|||&#8220; border_color_all=&#8220;#000000&#8243; box_shadow_style=&#8220;preset2&#8243; global_colors_info=&#8220;{}&#8220;][\/et_pb_image][\/et_pb_column][et_pb_column type=&#8220;3_4&#8243; _builder_version=&#8220;4.27.4&#8243; _module_preset=&#8220;default&#8220; custom_padding=&#8220;65px||||false|false&#8220; global_colors_info=&#8220;{}&#8220;][et_pb_text _builder_version=&#8220;4.27.4&#8243; _module_preset=&#8220;default&#8220; text_font_size=&#8220;42px&#8220; width=&#8220;122.9%&#8220; min_height=&#8220;47.8px&#8220; custom_margin=&#8220;-65px||168px|-164px||&#8220; custom_padding=&#8220;24px||58px|||&#8220; text_text_shadow_style=&#8220;preset1&#8243; global_colors_info=&#8220;{}&#8220;]<p style=\"text-align: left;\"><span style=\"color: #ffffff;\"><strong>Aldulfin Software- &amp; Prozessberatung GmbH<\/strong><\/span><\/p>[\/et_pb_text][et_pb_text _builder_version=&#8220;4.27.4&#8243; _module_preset=&#8220;default&#8220; text_font_size=&#8220;20px&#8220; min_height=&#8220;106px&#8220; height=&#8220;100px&#8220; max_height=&#8220;100px&#8220; custom_margin=&#8220;-222px||-221px|-173px||&#8220; custom_padding=&#8220;24px||106px|10px||&#8220; global_colors_info=&#8220;{}&#8220;]<p style=\"text-align: left;\"><span style=\"color: #ffffff;\"><strong>\u00a0SAP-Implementierungen Im Bereich Materialwirtschaft, Logistik und Fertigungsvorbereitung<\/strong><\/span><\/p>[\/et_pb_text][\/et_pb_column][\/et_pb_row][\/et_pb_section][et_pb_section fb_built=&#8220;1&#8243; admin_label=&#8220;Header&#8220; _builder_version=&#8220;4.27.4&#8243; _module_preset=&#8220;_initial&#8220; background_color=&#8220;#565656&#8243; background_enable_image=&#8220;off&#8220; custom_padding=&#8220;54px||0px|||&#8220; collapsed=&#8220;off&#8220; global_colors_info=&#8220;{%22gcid-1f1bf5fb-a99d-4acc-8d9e-ddac074c158c%22:%91%22background_color_gradient_stops%22,%22background_color_gradient_stops%22%93,%22gcid-4c79ba3d-a281-4fb6-9b14-02f9a4c793f2%22:%91%22background_color_gradient_stops%22,%22background_color_gradient_stops%22%93,%22gcid-688c464a-d6f2-4296-b592-395352c71c79%22:%91%22background_color_gradient_stops%22,%22background_color_gradient_stops%22%93,%22gcid-d119accd-44d7-4f2f-b9d7-599c8463324b%22:%91%22background_color_gradient_stops%22,%22background_color_gradient_stops%22%93}&#8220;][et_pb_row _builder_version=&#8220;4.27.4&#8243; _module_preset=&#8220;default&#8220; min_height=&#8220;56px&#8220; height=&#8220;100px&#8220; max_height=&#8220;226px&#8220; custom_margin=&#8220;|auto|-8px|auto||&#8220; custom_padding=&#8220;0px||0px|||&#8220; global_colors_info=&#8220;{}&#8220;][et_pb_column type=&#8220;4_4&#8243; _builder_version=&#8220;4.25.1&#8243; _module_preset=&#8220;_initial&#8220; global_colors_info=&#8220;{}&#8220;][et_pb_heading title=&#8220;Datenschutz&#8220; _builder_version=&#8220;4.27.4&#8243; _module_preset=&#8220;_initial&#8220; title_level=&#8220;h3&#8243; title_font=&#8220;||||||||&#8220; title_text_align=&#8220;left&#8220; title_text_color=&#8220;#FFFFFF&#8220; title_font_size=&#8220;33px&#8220; title_line_height=&#8220;1.1em&#8220; min_height=&#8220;100px&#8220; height=&#8220;100px&#8220; max_height=&#8220;100px&#8220; custom_margin=&#8220;0px||||false|false&#8220; custom_padding=&#8220;||46px|||&#8220; title_font_size_tablet=&#8220;40px&#8220; title_font_size_phone=&#8220;24px&#8220; title_font_size_last_edited=&#8220;on|desktop&#8220; text_shadow_style=&#8220;preset1&#8243; global_colors_info=&#8220;{}&#8220;][\/et_pb_heading][et_pb_text _builder_version=&#8220;4.27.4&#8243; _module_preset=&#8220;default&#8220; min_height=&#8220;1215.6px&#8220; global_colors_info=&#8220;{}&#8220;]<p><span style=\"color: #ffffff;\"><\/span><\/p>\n<h2 class=\"wp-block-heading\"><span style=\"color: #ffffff;\">Haftungshinweis<\/span><\/h2>\n<p><span style=\"color: #ffffff;\"><\/span><\/p>\n<p><span style=\"color: #ffffff;\"><\/span><\/p>\n<p><span style=\"color: #ffffff;\">Verantwortlich f\u00fcr den Inhalt i. S. d. \u00a7 55 Abs. 2 RStV<\/span><br \/><span style=\"color: #ffffff;\">Nicolas Fuchsius, Aldulfin Software- &amp; Prozessberatung GmbH, Colonnaden 5, 20354 Hamburg, Deutschland<\/span><\/p>\n<p><span style=\"color: #ffffff;\"><\/span><\/p>\n<p><span style=\"color: #ffffff;\"><\/span><\/p>\n<p><span style=\"color: #ffffff;\">Trotz sorgf\u00e4ltiger inhaltlicher Kontrolle \u00fcbernehmen wir keine Haftung f\u00fcr die Inhalte externer Links. F\u00fcr den Inhalt eventuell verlinkter Seiten sind ausschlie\u00dflich deren Betreiber verantwortlich. Haben Sie einen Fehler auf unserer Webseite gefunden? Teilen Sie uns diesen Fehler gerne mit und\u00a0 schicken Sie uns eine Mail an info@aldulfin.de. Danke!<\/span><\/p>\n<p><span style=\"color: #ffffff;\"><\/span><\/p>\n<h2 class=\"wp-block-heading\"><span style=\"color: #ffffff;\">Datenschutzerkl\u00e4rung<\/span><\/h2>\n<p><span style=\"color: #ffffff;\"><\/span><\/p>\n<p><span style=\"color: #ffffff;\"><\/span><\/p>\n<p><span style=\"color: #ffffff;\">Diese Datenschutzerkl\u00e4rung kl\u00e4rt Nutzer \u00fcber die Verarbeitung und die Rechte auf Hinblick Ihrer personenbezogenen Daten bei der Nutzung unserer Website auf. Wir nehmen den Schutz Ihrer pers\u00f6nlichen Daten sehr ernst. Wir behandeln Ihre personenbezogenen Daten vertraulich und entsprechend der gesetzlichen Datenschutzvorschriften sowie dieser Datenschutzerkl\u00e4rung. Personenbezogene Daten sind die auf Sie pers\u00f6nlich beziehbar sind, z. B. Name, Adresse, E-Mail-Adressen, IP Adressen und Nutzerverhalten. Zum jetzigen Zeitpunkt erheben wir mit der neuen Version unserer Homepage noch keinerlei personenbezogene Daten, m\u00f6chte aber dennoch klarstellen, dass wir uns der entsprechenden Verantwortung f\u00fcr das Thema bewusst sind.<\/span><\/p>\n<p><span style=\"color: #ffffff;\"><\/span><\/p>\n<p><span style=\"color: #ffffff;\">Verantwortlicher gem\u00e4\u00df Art. 4 Abs. 7 EU Datenschutz-Grundverordnung (DS-GVO) ist die<\/span><\/p>\n<p><span style=\"color: #ffffff;\"><\/span><\/p>\n<p><span style=\"color: #ffffff;\">Aldulfin Software- &amp; Prozessberatung GmbH<\/span><br \/><span style=\"color: #ffffff;\">Colonnaden 5<\/span><br \/><span style=\"color: #ffffff;\">20354 Hamburg<\/span><\/p>\n<p><span style=\"color: #ffffff;\"><\/span><\/p>\n<p><span style=\"color: #ffffff;\"><\/span><\/p>\n<p><span style=\"color: #ffffff;\">Unseren Datenschutzbeauftragten erreichen Sie per E-Mail unter:\u00a0<strong><em>datenschutz@aldulfin.de<\/em><\/strong><\/span><\/p>\n<p><span style=\"color: #ffffff;\"><\/span><\/p>\n<p><span style=\"color: #ffffff;\"><\/span><\/p>\n<h2 class=\"wp-block-heading\"><span style=\"color: #ffffff;\">Kontaktaufnahme<\/span><\/h2>\n<p><span style=\"color: #ffffff;\"><!-- \/wp:post-content --><\/span><\/p>\n<p><span style=\"color: #ffffff;\"><!-- wp:paragraph --><\/span><\/p>\n<p><span style=\"color: #ffffff;\">Sollten Sie uns per E-Mail kontaktieren, werden wir die von Ihnen \u00fcbermittelten Daten (E-Mail Adresse, Name, Vorname, Anrede ggf. Telefonnummer) von uns gespeichert. Diese werden f\u00fcr den Zweck der Kontaktaufnahme zu Ihrem Anliegen verwendet. Ihre Daten werden von uns gel\u00f6scht wenn die Speicherung nicht mehr erforderlich ist bzw. schr\u00e4nken die Verarbeitung ein sollte eine gesetzliche Aufbewahrungsfrist bestehen.<\/span><\/p>\n<p><span style=\"color: #ffffff;\"><!-- \/wp:paragraph --><\/span><\/p>\n<p><span style=\"color: #ffffff;\"><!-- wp:heading --><\/span><\/p>\n<h2 class=\"wp-block-heading\"><span style=\"color: #ffffff;\">Bewerbungen<\/span><\/h2>\n<p><span style=\"color: #ffffff;\"><!-- \/wp:heading --><\/span><\/p>\n<p><span style=\"color: #ffffff;\"><!-- wp:paragraph --><\/span><\/p>\n<p><span style=\"color: #ffffff;\">Im Falle einer Bewerbung werden die vom Bewerber an uns freiwillig \u00fcbermittelten Daten zum Zweck der Durchf\u00fchrung und Abwicklung des Bewerbungsprozesses verarbeitet. Empf\u00e4nger der Daten sind ausschlie\u00dflich die mit dem Bewerbungsprozess bei uns befassten Personen. Rechtsgrundlage f\u00fcr die Datenverarbeitung ist Art. 6 Abs. 1 lit. b DS-GVO.<\/span><\/p>\n<p><span style=\"color: #ffffff;\"><!-- \/wp:paragraph --><\/span><\/p>\n<p><span style=\"color: #ffffff;\"><!-- wp:paragraph --><\/span><\/p>\n<p><span style=\"color: #ffffff;\">Bei Ablehnung einer Bewerbung betr\u00e4gt die Speicherdauer 3 Monate \u00fcber den Abschluss des Bewerbungsverfahrens hinaus. Diese Speicherdauer resultiert aus der m\u00f6glichen Geltendmachung von Anspr\u00fcchen nach dem AGG. Rechtsgrundlage f\u00fcr die Datenverarbeitung ist Art. 6 Abs. 1 lit. f DS-GVO.<\/span><\/p>\n<p><span style=\"color: #ffffff;\"><!-- \/wp:paragraph --><\/span><\/p>\n<p><span style=\"color: #ffffff;\"><!-- wp:heading --><\/span><\/p>\n<h2 class=\"wp-block-heading\"><span style=\"color: #ffffff;\">Rechte als Nutzer<\/span><\/h2>\n<p><span style=\"color: #ffffff;\"><!-- \/wp:heading --><\/span><\/p>\n<p><span style=\"color: #ffffff;\">Bei Verarbeitung Ihrer personenbezogenen Daten haben Sie (betroffene Person) als Nutzer unserer Website folgende Rechte:<\/span><\/p>\n<ul class=\"wp-block-list\">\n<ul class=\"wp-block-list\">\n<li><span style=\"color: #ffffff;\">Recht auf Auskunft (Art. 15 DS-GVO)<\/span><\/li>\n<li><span style=\"color: #ffffff;\">Recht auf Berichtigung von unrichtigen Daten (Art. 16 DS-GVO)<\/span><\/li>\n<li><span style=\"color: #ffffff;\">Recht auf L\u00f6schung bzw. ein Recht auf \u201eVergessenwerden\u201c (Art. 17 DS-GVO)<\/span><\/li>\n<li><span style=\"color: #ffffff;\">Recht auf Einschr\u00e4nkung der Verarbeitung personenbezogener Daten (Art. 18 DS-GVO)<\/span><\/li>\n<li><span style=\"color: #ffffff;\">Recht auf Daten\u00fcbertragbarkeit (Art. 20 DS-GVO)<\/span><\/li>\n<\/ul>\n<\/ul>\n<p><span style=\"color: #ffffff;\"><!-- wp:paragraph --><\/span><\/p>\n<p><span style=\"color: #ffffff;\">Ebenfalls haben Sie das Recht, sich bei einer Datenschutz-Aufsichtsbeh\u00f6rde \u00fcber die Verarbeitung Ihrer personenbezogenen Daten zu beschweren, w\u00fcrden uns aber sehr freuen, wenn Sie zun\u00e4chst auf uns zukommen unter <strong><em>datenschutz@aldulfin.de<\/em><\/strong><\/span><\/p>\n<p><span style=\"color: #ffffff;\"><!-- \/wp:paragraph --><\/span><\/p>\n<p><span style=\"color: #ffffff;\"><!-- wp:heading --><\/span><\/p>\n<h2 class=\"wp-block-heading\"><span style=\"color: #ffffff;\">Widerspruch<\/span><\/h2>\n<p><span style=\"color: #ffffff;\"><!-- \/wp:heading --><\/span><\/p>\n<p><span style=\"color: #ffffff;\"><!-- wp:paragraph --><\/span><\/p>\n<p><span style=\"color: #ffffff;\">Der Verarbeitung Ihrer Daten k\u00f6nnen Sie jederzeit ohne Angabe von Gr\u00fcnden widersprechen. Nutzen Sie daf\u00fcr bitte die oben angegebenen Kontaktinformationen.<\/span><\/p>\n<p><span style=\"color: #ffffff;\">\u00a0<\/span><\/p>\n<p><span style=\"color: #ffffff;\">\u00a0<\/span><\/p>\n<p><span style=\"color: #ffffff;\">\u00a0<\/span><\/p>\n<p><span style=\"color: #ffffff;\"><!-- \/wp:paragraph --><\/span><\/p>[\/et_pb_text][\/et_pb_column][\/et_pb_row][\/et_pb_section][et_pb_section fb_built=&#8220;1&#8243; _builder_version=&#8220;4.27.4&#8243; _module_preset=&#8220;default&#8220; background_color=&#8220;#000000&#8243; global_module=&#8220;159&#8243; saved_tabs=&#8220;all&#8220; global_colors_info=&#8220;{}&#8220;][et_pb_row column_structure=&#8220;1_4,1_4,1_4,1_4&#8243; _builder_version=&#8220;4.27.4&#8243; _module_preset=&#8220;default&#8220; global_colors_info=&#8220;{}&#8220;][et_pb_column type=&#8220;1_4&#8243; _builder_version=&#8220;4.27.4&#8243; _module_preset=&#8220;default&#8220; global_colors_info=&#8220;{}&#8220;][et_pb_text _builder_version=&#8220;4.27.4&#8243; _module_preset=&#8220;default&#8220; global_colors_info=&#8220;{}&#8220;]<p><!-- wp:heading {\"style\":{\"elements\":{\"link\":{\"color\":{\"text\":\"#e6761a\"}}},\"color\":{\"text\":\"#e6761a\"}}} --><\/p>\n<h2 class=\"wp-block-heading has-text-color has-link-color\" style=\"color: #e6761a;\">Kontakt<\/h2>\n<p><!-- \/wp:heading --> <!-- wp:paragraph {\"style\":{\"typography\":{\"fontSize\":\"18px\"}}} --><\/p>\n<p style=\"font-size: 18px;\"><span style=\"color: #ffffff;\">Aldulfin Software- &amp; Prozessberatung GmbH<\/span><br \/><span style=\"color: #ffffff;\">Colonnaden 5<\/span><br \/><span style=\"color: #ffffff;\">20354 Hamburg<\/span><\/p>\n<p style=\"font-size: 18px;\"><span style=\"color: #ffffff;\">Tel\u00a0 +49 40 333 13 666<br \/><\/span><span style=\"color: #ffffff;\">F<\/span><span style=\"color: #ffffff;\">ax +49 40 333 133 77<\/span><\/p>\n<p style=\"font-size: 18px;\"><span style=\"color: #ffffff;\"><\/span><\/p>\n<p style=\"font-size: 18px;\"><a href=\"mailto:info@aldulfin.de\" title=\"Schreiben Sie uns gerne eine Mail\"><span style=\"color: #ffffff;\">info@aldulfin.de<\/span><\/a><\/p>\n<p><!-- \/wp:paragraph --><\/p>[\/et_pb_text][\/et_pb_column][et_pb_column type=&#8220;1_4&#8243; _builder_version=&#8220;4.27.4&#8243; _module_preset=&#8220;default&#8220; global_colors_info=&#8220;{}&#8220;][et_pb_text _builder_version=&#8220;4.27.4&#8243; _module_preset=&#8220;default&#8220; global_colors_info=&#8220;{}&#8220;]<p><!-- wp:heading {\"style\":{\"elements\":{\"link\":{\"color\":{\"text\":\"#e6761a\"}}},\"color\":{\"text\":\"#e6761a\"}}} --><\/p>\n<h2 class=\"wp-block-heading has-text-color has-link-color\" style=\"color: #e6761a;\">News<\/h2>\n<p><!-- \/wp:heading --> <!-- wp:paragraph {\"style\":{\"typography\":{\"fontSize\":\"18px\"}}} --><\/p>\n<p style=\"font-size: 18px;\"><span style=\"color: #ffffff;\">Wir ver\u00f6ffentlichen regelm\u00e4\u00dfig die neusten Informationen rund um unser Unternehmen und die laufenden Aktivit\u00e4ten. <\/span><\/p>\n<p style=\"font-size: 18px;\"><span style=\"color: #ffffff;\"><strong><span style=\"text-decoration: underline;\">April 2025:<\/span><\/strong> Teilnahme und gute Gespr\u00e4che auf der <a href=\"https:\/\/www.aircraftinteriorsexpo.com\/\">Aircraft Interiors Expo 2025<\/a> in Hamburg.\u00a0<\/span><\/p>\n<p><!-- \/wp:paragraph --><\/p>[\/et_pb_text][\/et_pb_column][et_pb_column type=&#8220;1_4&#8243; _builder_version=&#8220;4.27.4&#8243; _module_preset=&#8220;default&#8220; global_colors_info=&#8220;{}&#8220;][et_pb_text _builder_version=&#8220;4.27.4&#8243; _module_preset=&#8220;default&#8220; global_colors_info=&#8220;{}&#8220;]<p><!-- wp:heading {\"style\":{\"elements\":{\"link\":{\"color\":{\"text\":\"#e6761a\"}}},\"color\":{\"text\":\"#e6761a\"}}} --><\/p>\n<h2 class=\"wp-block-heading has-text-color has-link-color\" style=\"color: #e6761a;\">Anfahrt<\/h2>\n<p><!-- \/wp:heading --><!-- wp:paragraph {\"style\":{\"typography\":{\"fontSize\":\"18px\"}}} --><\/p>\n<p style=\"font-size: 18px;\"><span style=\"color: #ffffff;\"><a href=\"https:\/\/www.google.de\/maps\/place\/Colonnaden+5,+20354+Hamburg\/@53.5551599,9.9882567,17z\/data=!3m1!4b1!4m5!3m4!1s0x47b18f1906246b25:0xd6a7efda54fea3a6!8m2!3d53.5551599!4d9.9904454?hl=de\" style=\"color: #ffffff;\">Sie finden unsere neuen B\u00fcror\u00e4ume mitten in Hamburg direkt an der Binnenalster:<\/a><\/span><\/p>\n<p><!-- \/wp:paragraph --><\/p>\n<p><!-- wp:image {\"id\":68,\"sizeSlug\":\"full\",\"linkDestination\":\"none\"} --><\/p>\n<figure class=\"wp-block-image size-full\"><a href=\"https:\/\/www.google.de\/maps\/place\/Colonnaden+5,+20354+Hamburg\/@53.5551599,9.9882567,17z\/data=!3m1!4b1!4m5!3m4!1s0x47b18f1906246b25:0xd6a7efda54fea3a6!8m2!3d53.5551599!4d9.9904454?hl=de\"><img loading=\"lazy\" decoding=\"async\" width=\"326\" height=\"203\" src=\"https:\/\/www.aldulfin.de\/wp-content\/uploads\/2025\/01\/Location.png\" alt=\"\" class=\"wp-image-68\" srcset=\"https:\/\/www.aldulfin.de\/wp-content\/uploads\/2025\/01\/Location.png 326w, https:\/\/www.aldulfin.de\/wp-content\/uploads\/2025\/01\/Location-300x187.png 300w\" sizes=\"(max-width: 326px) 100vw, 326px\" \/><\/a><\/figure>\n<p><!-- \/wp:image --><\/p>\n<p>&nbsp;<\/p>\n<p><!-- \/wp:paragraph --><\/p>[\/et_pb_text][\/et_pb_column][et_pb_column type=&#8220;1_4&#8243; _builder_version=&#8220;4.27.4&#8243; _module_preset=&#8220;default&#8220; global_colors_info=&#8220;{}&#8220;][et_pb_text _builder_version=&#8220;4.27.4&#8243; _module_preset=&#8220;default&#8220; global_colors_info=&#8220;{}&#8220;]<p><!-- wp:heading {\"style\":{\"color\":{\"text\":\"#e6761a\"},\"elements\":{\"link\":{\"color\":{\"text\":\"#e6761a\"}}}}} --><\/p>\n<h2 class=\"wp-block-heading has-text-color has-link-color\" style=\"color: #e6761a;\">Seiten<\/h2>\n<p><!-- \/wp:heading --> <!-- wp:paragraph {\"style\":{\"typography\":{\"fontSize\":\"18px\"}}} --><\/p>\n<p style=\"font-size: 18px;\"><span style=\"color: #ffffff;\">Nutzen Sie gerne die folgenden Links zu unseren Seiten:<\/span><\/p>\n<p><!-- \/wp:paragraph --> <!-- wp:group {\"layout\":{\"type\":\"constrained\"}} --><\/p>\n<div class=\"wp-block-group\">\n<p><!-- wp:heading {\"textAlign\":\"left\",\"style\":{\"elements\":{\"link\":{\"color\":{\"text\":\"#e6761a\"}}},\"color\":{\"text\":\"#e6761a\"},\"typography\":{\"fontSize\":\"18px\"}}} --><\/p>\n<h2 class=\"wp-block-heading has-text-align-left has-text-color has-link-color\" style=\"color: #e6761a; font-size: 18px;\"><a href=\"https:\/\/www.aldulfin.de\/index.php\/impressum\/\" data-type=\"page\" data-id=\"2\">Impressum<\/a><\/p>\n<p><a href=\"https:\/\/www.aldulfin.de\/index.php\/datenschutzhinweis\/\" data-type=\"page\" data-id=\"3\">Datenschutz<\/a><\/h2>\n<p><!-- \/wp:heading --><\/div>\n<p><!-- \/wp:group --><\/p>[\/et_pb_text][\/et_pb_column][\/et_pb_row][\/et_pb_section]","protected":false},"excerpt":{"rendered":"<p>Aldulfin Software- &amp; Prozessberatung GmbH\u00a0SAP-Implementierungen Im Bereich Materialwirtschaft, Logistik und Fertigungsvorbereitung Haftungshinweis Verantwortlich f\u00fcr den Inhalt i. S. d. \u00a7 55 Abs. 2 RStVNicolas Fuchsius, Aldulfin Software- &amp; Prozessberatung GmbH, Colonnaden 5, 20354 Hamburg, Deutschland Trotz sorgf\u00e4ltiger inhaltlicher Kontrolle \u00fcbernehmen wir keine Haftung f\u00fcr die Inhalte externer Links. F\u00fcr den Inhalt eventuell verlinkter Seiten sind [&hellip;]<\/p>\n","protected":false},"author":1,"featured_media":0,"parent":0,"menu_order":0,"comment_status":"closed","ping_status":"closed","template":"page-template-blank.php","meta":{"_et_pb_use_builder":"on","_et_pb_old_content":"<!-- wp:heading -->\n<h2 class=\"wp-block-heading\">Haftungshinweis<\/h2>\n<!-- \/wp:heading -->\n\n<!-- wp:paragraph -->\n<p>Verantwortlich f\u00fcr den Inhalt i. S. d. \u00a7 55 Abs. 2 RStV<br>Nicolas Fuchsius, Aldulfin Software- &amp; Prozessberatung GmbH, Colonnaden 5, 20354 Hamburg, Deutschland<\/p>\n<!-- \/wp:paragraph -->\n\n<!-- wp:paragraph -->\n<p>Trotz sorgf\u00e4ltiger inhaltlicher Kontrolle \u00fcbernehmen wir keine Haftung f\u00fcr die Inhalte externer Links. F\u00fcr den Inhalt eventuell verlinkter Seiten sind ausschlie\u00dflich deren Betreiber verantwortlich. Haben Sie einen Fehler auf unserer Webseite gefunden? Teilen Sie uns diesen Fehler gerne mit und&nbsp; schicken Sie uns eine Mail an info@hkh-hamburg.de. Danke!<\/p>\n<!-- \/wp:paragraph -->\n\n<!-- wp:paragraph -->\n<p><\/p>\n<!-- \/wp:paragraph -->\n\n<!-- wp:heading -->\n<h2 class=\"wp-block-heading\">Datenschutzerkl\u00e4rung<\/h2>\n<!-- \/wp:heading -->\n\n<!-- wp:paragraph -->\n<p>Diese Datenschutzerkl\u00e4rung kl\u00e4rt Nutzer \u00fcber die Verarbeitung und die Rechte auf Hinblick Ihrer personenbezogenen Daten bei der Nutzung unserer Website auf. Wir nehmen den Schutz Ihrer pers\u00f6nlichen Daten sehr ernst. Wir behandeln Ihre personenbezogenen Daten vertraulich und entsprechend der gesetzlichen Datenschutzvorschriften sowie dieser Datenschutzerkl\u00e4rung. Personenbezogene Daten sind die auf Sie pers\u00f6nlich beziehbar sind, z. B. Name, Adresse, E-Mail-Adressen, IP Adressen und Nutzerverhalten. Zum jetzigen Zeitpunkt erheben wir mit der neuen Version unserer Homepage noch keinerlei personenbezogene Daten, m\u00f6chte aber dennoch klarstellen, dass wir uns der entsprechenden Verantwortung f\u00fcr das Thema bewusst sind.<\/p>\n<!-- \/wp:paragraph -->\n\n<!-- wp:paragraph -->\n<p>Verantwortlicher gem\u00e4\u00df Art. 4 Abs. 7 EU Datenschutz-Grundverordnung (DS-GVO) ist die<\/p>\n<!-- \/wp:paragraph -->\n\n<!-- wp:paragraph -->\n<p>Aldulfin Software- &amp; Prozessberatung GmbH<br>Colonnaden 5<br>20354 Hamburg<\/p>\n<!-- \/wp:paragraph -->\n\n<!-- wp:paragraph -->\n<p>Unseren Datenschutzbeauftragten erreichen Sie per E-Mail unter:&nbsp;<em>datenschutz@hkh-hamburg.de<\/em>&nbsp;<\/p>\n<!-- \/wp:paragraph -->\n\n<!-- wp:paragraph -->\n<p><\/p>\n<!-- \/wp:paragraph -->\n\n<!-- wp:heading -->\n<h2 class=\"wp-block-heading\">Kontaktaufnahme<\/h2>\n<!-- \/wp:heading -->\n\n<!-- wp:paragraph -->\n<p>Sollten Sie uns per E-Mail kontaktieren, werden wir die von Ihnen \u00fcbermittelten Daten (E-Mail Adresse, Name, Vorname, Anrede ggf. Telefonnummer) von uns gespeichert. Diese werden f\u00fcr den Zweck der Kontaktaufnahme zu Ihrem Anliegen verwendet. Ihre Daten werden von uns gel\u00f6scht wenn die Speicherung nicht mehr erforderlich ist bzw. schr\u00e4nken die Verarbeitung ein sollte eine gesetzliche Aufbewahrungsfrist bestehen.<\/p>\n<!-- \/wp:paragraph -->\n\n<!-- wp:paragraph -->\n<p><\/p>\n<!-- \/wp:paragraph -->\n\n<!-- wp:heading -->\n<h2 class=\"wp-block-heading\">Bewerbungen<\/h2>\n<!-- \/wp:heading -->\n\n<!-- wp:paragraph -->\n<p>Im Falle einer Bewerbung werden die vom Bewerber an uns freiwillig \u00fcbermittelten Daten zum Zweck der Durchf\u00fchrung und Abwicklung des Bewerbungsprozesses verarbeitet. Empf\u00e4nger der Daten sind ausschlie\u00dflich die mit dem Bewerbungsprozess bei uns befassten Personen. Rechtsgrundlage f\u00fcr die Datenverarbeitung ist Art. 6 Abs. 1 lit. b DS-GVO.<\/p>\n<!-- \/wp:paragraph -->\n\n<!-- wp:paragraph -->\n<p>Bei Ablehnung einer Bewerbung betr\u00e4gt die Speicherdauer 3 Monate \u00fcber den Abschluss des Bewerbungsverfahrens hinaus. Diese Speicherdauer resultiert aus der m\u00f6glichen Geltendmachung von Anspr\u00fcchen nach dem AGG. Rechtsgrundlage f\u00fcr die Datenverarbeitung ist Art. 6 Abs. 1 lit. f DS-GVO.<\/p>\n<!-- \/wp:paragraph -->\n\n<!-- wp:paragraph -->\n<p><\/p>\n<!-- \/wp:paragraph -->\n\n<!-- wp:heading -->\n<h2 class=\"wp-block-heading\">Rechte als Nutzer<\/h2>\n<!-- \/wp:heading -->\n\n<!-- wp:paragraph -->\n<p>Bei Verarbeitung Ihrer personenbezogenen Daten haben Sie (betroffene Person) als Nutzer unserer Website folgende Rechte:<\/p>\n<!-- \/wp:paragraph -->\n\n<!-- wp:list -->\n<ul class=\"wp-block-list\"><!-- wp:list-item -->\n<li>Recht auf Auskunft (Art. 15 DS-GVO)<\/li>\n<!-- \/wp:list-item -->\n\n<!-- wp:list-item -->\n<li>Recht auf Berichtigung von unrichtigen Daten (Art. 16 DS-GVO)<\/li>\n<!-- \/wp:list-item -->\n\n<!-- wp:list-item -->\n<li>Recht auf L\u00f6schung bzw. ein Recht auf \u201eVergessenwerden\u201c (Art. 17 DS-GVO)<\/li>\n<!-- \/wp:list-item -->\n\n<!-- wp:list-item -->\n<li>Recht auf Einschr\u00e4nkung der Verarbeitung personenbezogener Daten (Art. 18 DS-GVO)<\/li>\n<!-- \/wp:list-item -->\n\n<!-- wp:list-item -->\n<li>Recht auf Daten\u00fcbertragbarkeit (Art. 20 DS-GVO)<\/li>\n<!-- \/wp:list-item --><\/ul>\n<!-- \/wp:list -->\n\n<!-- wp:paragraph -->\n<p>Ebenfalls haben Sie das Recht, sich bei einer Datenschutz-Aufsichtsbeh\u00f6rde \u00fcber die Verarbeitung Ihrer personenbezogenen Daten zu beschweren.<\/p>\n<!-- \/wp:paragraph -->\n\n<!-- wp:paragraph -->\n<p><\/p>\n<!-- \/wp:paragraph -->\n\n<!-- wp:heading -->\n<h2 class=\"wp-block-heading\">Widerspruch<\/h2>\n<!-- \/wp:heading -->\n\n<!-- wp:paragraph -->\n<p>Der Verarbeitung Ihrer Daten k\u00f6nnen Sie jederzeit ohne Angabe von Gr\u00fcnden widersprechen. Nutzen Sie daf\u00fcr bitte die oben angegebenen Kontaktinformationen. <\/p>\n<!-- \/wp:paragraph -->","_et_gb_content_width":"","footnotes":""},"class_list":["post-3","page","type-page","status-publish","hentry"],"_links":{"self":[{"href":"https:\/\/www.aldulfin.de\/index.php\/wp-json\/wp\/v2\/pages\/3","targetHints":{"allow":["GET"]}}],"collection":[{"href":"https:\/\/www.aldulfin.de\/index.php\/wp-json\/wp\/v2\/pages"}],"about":[{"href":"https:\/\/www.aldulfin.de\/index.php\/wp-json\/wp\/v2\/types\/page"}],"author":[{"embeddable":true,"href":"https:\/\/www.aldulfin.de\/index.php\/wp-json\/wp\/v2\/users\/1"}],"replies":[{"embeddable":true,"href":"https:\/\/www.aldulfin.de\/index.php\/wp-json\/wp\/v2\/comments?post=3"}],"version-history":[{"count":9,"href":"https:\/\/www.aldulfin.de\/index.php\/wp-json\/wp\/v2\/pages\/3\/revisions"}],"predecessor-version":[{"id":261,"href":"https:\/\/www.aldulfin.de\/index.php\/wp-json\/wp\/v2\/pages\/3\/revisions\/261"}],"wp:attachment":[{"href":"https:\/\/www.aldulfin.de\/index.php\/wp-json\/wp\/v2\/media?parent=3"}],"curies":[{"name":"wp","href":"https:\/\/api.w.org\/{rel}","templated":true}]}}